{"id":4589,"date":"2024-02-05T15:14:50","date_gmt":"2024-02-05T14:14:50","guid":{"rendered":"https:\/\/papagreen.k2-service.com\/?page_id=4589"},"modified":"2024-02-05T18:23:50","modified_gmt":"2024-02-05T17:23:50","slug":"polityka-prywatnosci-oraz-wykorzystania-cookie","status":"publish","type":"page","link":"https:\/\/papa-green.pl\/en\/polityka-prywatnosci-oraz-wykorzystania-cookie\/","title":{"rendered":"Polityka prywatno\u015bci oraz wykorzystania cookie"},"content":{"rendered":"<div data-elementor-type=\"wp-page\" data-elementor-id=\"4589\" class=\"elementor elementor-4589\">\n\t\t\t\t<div class=\"elementor-element elementor-element-d329d8a e-flex e-con-boxed e-con e-parent\" data-id=\"d329d8a\" data-element_type=\"container\" data-settings=\"{&quot;_ha_eqh_enable&quot;:false}\">\n\t\t\t\t\t<div class=\"e-con-inner\">\n\t\t\t\t<div class=\"elementor-element elementor-element-8ae20a2 elementor-widget elementor-widget-heading\" data-id=\"8ae20a2\" data-element_type=\"widget\" data-widget_type=\"heading.default\">\n\t\t\t\t<div class=\"elementor-widget-container\">\n\t\t\t<h2 class=\"elementor-heading-title elementor-size-default\">Polityka Prywatno\u015bci<\/h2>\t\t<\/div>\n\t\t\t\t<\/div>\n\t\t\t\t<div class=\"elementor-element elementor-element-9d21f9c elementor-widget-mobile__width-initial elementor-widget elementor-widget-text-editor\" data-id=\"9d21f9c\" data-element_type=\"widget\" data-widget_type=\"text-editor.default\">\n\t\t\t\t<div class=\"elementor-widget-container\">\n\t\t\t\t\t\t\t<p>Ostatnia aktualizacja: 05 lutego 2024 r. Data Wej\u015bcia w \u017bycie: 05 lutego 2024 r.<\/p><p>Ta Polityka Prywatno\u015bci opisuje zasady Papa Green Urban Farm, Starograniczna 32, wojew\u00f3dztwo dolno\u015bl\u0105skie 54-231, Polska, e-mail: <a target=\"_new\">wroclaw@papagreen.pl<\/a>, telefon: +48 733 902 410, dotycz\u0105ce zbierania, u\u017cywania i ujawniania Twoich informacji, kt\u00f3re zbieramy podczas korzystania z naszej strony internetowej (<a href=\"http:\/\/papa-green.pl\/en\/\" target=\"_new\">http:\/\/papa-green.pl\/<\/a>) (\u201eUs\u0142uga\u201d). Poprzez dost\u0119p lub korzystanie z Us\u0142ugi, wyra\u017casz zgod\u0119 na zbieranie, u\u017cywanie i ujawnianie Twoich informacji zgodnie z t\u0105 Polityk\u0105 Prywatno\u015bci. Je\u015bli nie wyra\u017casz na to zgody, prosimy nie korzysta\u0107 z Us\u0142ugi. Mo\u017cemy modyfikowa\u0107 t\u0119 Polityk\u0119 Prywatno\u015bci w dowolnym czasie bez wcze\u015bniejszego powiadomienia, a zmienion\u0105 Polityk\u0119 opublikujemy na Us\u0142udze. Zmieniona Polityka b\u0119dzie skuteczna przez 180 dni od daty jej opublikowania na Us\u0142udze, a Twoje dalsze korzystanie z Us\u0142ugi po tym czasie oznacza\u0107 b\u0119dzie akceptacj\u0119 zmienionej Polityki Prywatno\u015bci. Zalecamy regularne sprawdzanie tej strony.<\/p><p><strong>Informacje, Kt\u00f3re Zbieramy:<\/strong>\u00a0<\/p><p>Zbieramy i przetwarzamy nast\u0119puj\u0105ce informacje osobiste o Tobie:<\/p><ul><li>Imi\u0119<\/li><li>E-mail<\/li><li>Numer telefonu kom\u00f3rkowego<br \/><br \/><\/li><\/ul><p><strong>Jak Wykorzystujemy Twoje Informacje:<br \/><\/strong> <br \/>U\u017cyjemy informacji, kt\u00f3re zbieramy o Tobie w celach:<\/p><ul><li>Marketingu\/Promocji<\/li><li>Opinii klient\u00f3w<\/li><li>Zbierania opinii od klient\u00f3w<\/li><li>Zarz\u0105dzania zam\u00f3wieniami klient\u00f3w<\/li><\/ul><p>Je\u015bli chcemy wykorzysta\u0107 Twoje informacje w jakimkolwiek innym celu, poprosimy o Twoj\u0105 zgod\u0119 i wykorzystamy informacje tylko po uzyskaniu Twojej zgody, a nast\u0119pnie tylko w celu(y) uzyskanego zgody, chyba \u017ce b\u0119dziemy zobowi\u0105zani do post\u0119powania inaczej zgodnie z prawem.<\/p><p><strong>Jak Dzielimy Si\u0119 Twoimi Informacjami:<\/strong><\/p><p>Nie przekazujemy Twoich informacji osobistych \u017cadnej trzeciej stronie bez uzyskania Twojej zgody, z wyj\u0105tkiem ograniczonych okoliczno\u015bci opisanych poni\u017cej:<\/p><ul><li>Analizy Wymagamy od takich stron trzecich, aby u\u017cywa\u0142y przekazanych im informacji osobistych tylko w celu, w kt\u00f3rym zosta\u0142y przekazane, i nie zatrzymywa\u0142y ich d\u0142u\u017cej, ni\u017c jest to wymagane do spe\u0142nienia tego celu. Mo\u017cemy r\u00f3wnie\u017c ujawni\u0107 Twoje informacje osobiste w celu (1) zgodno\u015bci z obowi\u0105zuj\u0105cym prawem, regulacj\u0105, nakazem s\u0105dowym lub innym procesem prawnym; (2) egzekwowania um\u00f3w zawartych z nami, w tym tej Polityki Prywatno\u015bci; lub (3) odpowiedzi na twierdzenia, \u017ce korzystanie z Us\u0142ugi narusza prawa stron trzecich. Je\u015bli Us\u0142uga lub nasza firma zostanie po\u0142\u0105czona lub przej\u0119ta przez inn\u0105 firm\u0119, Twoje informacje b\u0119d\u0105 jednym z aktyw\u00f3w przeniesionych do nowego w\u0142a\u015bciciela.<\/li><\/ul><p><strong>Przechowywanie Twoich Informacji:<\/strong><\/p><p>B\u0119dziemy przechowywa\u0107 Twoje informacje osobiste przez okres od 90 dni do 2 lat po zako\u0144czeniu kont u\u017cytkownik\u00f3w lub tak d\u0142ugo, jak b\u0119dzie to konieczne do spe\u0142nienia cel\u00f3w, dla kt\u00f3rych zosta\u0142y zebrane, zgodnie z opisem w tej Polityce Prywatno\u015bci. Mo\u017cemy potrzebowa\u0107 przechowywa\u0107 pewne informacje przez d\u0142u\u017cszy okres, takie jak prowadzenie rejestr\u00f3w\/raportowanie zgodnie z obowi\u0105zuj\u0105cym prawem lub z innych wa\u017cnych powod\u00f3w, takich jak egzekwowanie praw prawnych, zapobieganie oszustwom itp. Resztkowe anonimowe informacje i informacje zagregowane, kt\u00f3re Ci\u0119 nie identyfikuj\u0105 (bezpo\u015brednio lub po\u015brednio), mog\u0105 by\u0107 przechowywane czas nieokre\u015blony.<\/p><p><strong>Twoje Prawa:<\/strong><\/p><p>W zale\u017cno\u015bci od obowi\u0105zuj\u0105cego prawa, mo\u017cesz mie\u0107 prawo dost\u0119pu, poprawiania lub usuwania swoich danych osobowych lub otrzymywania kopii swoich danych osobowych, ograniczenia lub sprzeciwu wobec aktywnego przetwarzania Twoich danych, poproszenia nas o udost\u0119pnienie (przeniesienie) Twoich informacji osobistych innej jednostce, wycofania zgody na przetwarzanie Twoich danych, prawo do z\u0142o\u017cenia skargi do organu nadzorczego i inne prawa wynikaj\u0105ce z obowi\u0105zuj\u0105cych przepis\u00f3w. Aby skorzysta\u0107 z tych praw, mo\u017cesz napisa\u0107 do nas na adres <a target=\"_new\">wroclaw@papagreen.pl<\/a>. Odpowiemy na Twoje \u017c\u0105danie zgodnie z obowi\u0105zuj\u0105cym prawem. Zauwa\u017c, \u017ce je\u015bli nie zezwalasz nam na zbieranie lub przetwarzanie wymaganych danych osobowych lub wycofujesz zgod\u0119 na przetwarzanie tych danych w celach wymaganych, mo\u017cesz nie by\u0107 w stanie uzyska\u0107 dost\u0119pu lub korzysta\u0107 z us\u0142ug, dla kt\u00f3rych dane by\u0142y zbierane.<\/p><p><strong>Cookies<\/strong><\/p><p>Korzystamy z plik\u00f3w cookie, aby pom\u00f3c Ci efektywnie porusza\u0107 si\u0119 po stronie i wykonywa\u0107 okre\u015blone funkcje. Szczeg\u00f3\u0142owe informacje na temat wszystkich plik\u00f3w cookie znajdziesz poni\u017cej w ka\u017cdej kategorii zgody.<\/p><p>Pliki cookie zaklasyfikowane jako &#8222;Niezb\u0119dne&#8221; s\u0105 przechowywane w Twojej przegl\u0105darce, poniewa\u017c s\u0105 one niezb\u0119dne do umo\u017cliwienia podstawowych funkcji witryny.<\/p><p>U\u017cywamy r\u00f3wnie\u017c plik\u00f3w cookie stron trzecich, kt\u00f3re pomagaj\u0105 nam analizowa\u0107, w jaki spos\u00f3b korzystasz z tej witryny, przechowywa\u0107 Twoje preferencje oraz dostarcza\u0107 tre\u015bci i reklam odpowiednich dla Ciebie. Pliki cookie te b\u0119d\u0105 przechowywane w Twojej przegl\u0105darce tylko po uzyskaniu wcze\u015bniejszej zgody.<\/p><p>Mo\u017cesz wybra\u0107, czy chcesz w\u0142\u0105czy\u0107 lub wy\u0142\u0105czy\u0107 niekt\u00f3re lub wszystkie z tych plik\u00f3w cookie, jednak wy\u0142\u0105czenie niekt\u00f3rych z nich mo\u017ce wp\u0142yn\u0105\u0107 na Twoje do\u015bwiadczenia podczas przegl\u0105dania.<\/p><p><strong>Bezpiecze\u0144stwo: <\/strong><\/p><p>Bezpiecze\u0144stwo Twoich informacji jest dla nas wa\u017cne, i b\u0119dziemy stosowa\u0107 rozs\u0105dne \u015brodki bezpiecze\u0144stwa, aby zapobiec utracie, nadu\u017cyciu lub nieuprawnionej zmianie Twoich informacji znajduj\u0105cych si\u0119 pod nasz\u0105 kontrol\u0105. Jednak z uwagi na inherentne ryzyko, nie mo\u017cemy zagwarantowa\u0107 absolutnego bezpiecze\u0144stwa, co skutkuje tym, \u017ce nie mo\u017cemy zapewni\u0107 lub gwarantowa\u0107 bezpiecze\u0144stwa \u017cadnych informacji, kt\u00f3re przesy\u0142asz nam, i robisz to na w\u0142asne ryzyko.<\/p><p><strong>Linki Do Stron Trzecich i U\u017cycie Twoich Informacji:<\/strong><\/p><p>Nasza Us\u0142uga mo\u017ce zawiera\u0107 linki do innych stron internetowych, kt\u00f3re nie s\u0105 obs\u0142ugiwane przez nas. Niniejsza Polityka Prywatno\u015bci nie dotyczy polityki prywatno\u015bci ani innych praktyk \u017cadnych stron trzecich, w tym stron trzecich obs\u0142uguj\u0105cych dowoln\u0105 stron\u0119 internetow\u0105 lub us\u0142ug\u0119 dost\u0119pn\u0105 za po\u015brednictwem linku na Us\u0142udze. Zdecydowanie zalecamy zapoznanie si\u0119 z polityk\u0105 prywatno\u015bci ka\u017cdej odwiedzanej witryny. Nie mamy kontroli nad i nie ponosimy odpowiedzialno\u015bci za tre\u015b\u0107, polityki prywatno\u015bci ani praktyki \u017cadnych stron trzecich.<\/p><p><strong>Skarga \/ Inspektor Ochrony Danych:<\/strong><\/p><p>Je\u015bli masz jakiekolwiek pytania lub w\u0105tpliwo\u015bci dotycz\u0105ce przetwarzania Twoich informacji dost\u0119pnych u nas, mo\u017cesz wys\u0142a\u0107 e-mail do naszego Inspektora Ochrony Danych na adres Papa Green Urban Farm, Starograniczna 32, e-mail: <a target=\"_new\">wroclaw@papagreen.pl<\/a>. B\u0119dziemy odpowiada\u0107 na Twoje zapytania zgodnie z obowi\u0105zuj\u0105cym prawem.<\/p><p><em>Polityka Prywatno\u015bci zosta\u0142a wygenerowana za pomoc\u0105 CookieYes.<\/em><\/p>\t\t\t\t\t\t<\/div>\n\t\t\t\t<\/div>\n\t\t\t\t\t<\/div>\n\t\t\t\t<\/div>\n\t\t<div class=\"elementor-element elementor-element-a14af37 e-flex e-con-boxed e-con e-parent\" data-id=\"a14af37\" data-element_type=\"container\" data-settings=\"{&quot;_ha_eqh_enable&quot;:false}\">\n\t\t\t\t\t<div class=\"e-con-inner\">\n\t\t\t\t\t<\/div>\n\t\t\t\t<\/div>\n\t\t<div class=\"elementor-element elementor-element-b7d3c95 e-flex e-con-boxed e-con e-parent\" data-id=\"b7d3c95\" data-element_type=\"container\" data-settings=\"{&quot;_ha_eqh_enable&quot;:false}\">\n\t\t\t\t\t<div class=\"e-con-inner\">\n\t\t\t\t<div class=\"elementor-element elementor-element-c864178 elementor-widget elementor-widget-html\" data-id=\"c864178\" data-element_type=\"widget\" data-widget_type=\"html.default\">\n\t\t\t\t<div class=\"elementor-widget-container\">\n\t\t\t<div class= \"cky-audit-table-element\"><\/div>\t\t<\/div>\n\t\t\t\t<\/div>\n\t\t\t\t\t<\/div>\n\t\t\t\t<\/div>\n\t\t\t\t<\/div>","protected":false},"excerpt":{"rendered":"<p>Ostatnia aktualizacja: 05 lutego 2024 r. Data Wej\u015bcia w \u017bycie: 05 lutego 2024 r. Ta Polityka Prywatno\u015bci opisuje zasady Papa Green Urban Farm, Starograniczna 32, wojew\u00f3dztwo dolno\u015bl\u0105skie 54-231, Polska, e-mail: wroclaw@papagreen.pl, telefon: +48 733 902 410, dotycz\u0105ce zbierania, u\u017cywania i ujawniania Twoich informacji, kt\u00f3re zbieramy podczas korzystania z naszej strony internetowej (https:\/\/papagreen.k2-service.com\/) (\u201eUs\u0142uga\u201d). Poprzez dost\u0119p [&hellip;]<\/p>","protected":false},"author":2,"featured_media":0,"parent":0,"menu_order":0,"comment_status":"closed","ping_status":"closed","template":"","meta":{"om_disable_all_campaigns":false,"_uf_show_specific_survey":0,"_uf_disable_surveys":false,"footnotes":""},"class_list":["post-4589","page","type-page","status-publish","hentry"],"aioseo_notices":[],"_links":{"self":[{"href":"https:\/\/papa-green.pl\/en\/wp-json\/wp\/v2\/pages\/4589","targetHints":{"allow":["GET"]}}],"collection":[{"href":"https:\/\/papa-green.pl\/en\/wp-json\/wp\/v2\/pages"}],"about":[{"href":"https:\/\/papa-green.pl\/en\/wp-json\/wp\/v2\/types\/page"}],"author":[{"embeddable":true,"href":"https:\/\/papa-green.pl\/en\/wp-json\/wp\/v2\/users\/2"}],"replies":[{"embeddable":true,"href":"https:\/\/papa-green.pl\/en\/wp-json\/wp\/v2\/comments?post=4589"}],"version-history":[{"count":28,"href":"https:\/\/papa-green.pl\/en\/wp-json\/wp\/v2\/pages\/4589\/revisions"}],"predecessor-version":[{"id":4621,"href":"https:\/\/papa-green.pl\/en\/wp-json\/wp\/v2\/pages\/4589\/revisions\/4621"}],"wp:attachment":[{"href":"https:\/\/papa-green.pl\/en\/wp-json\/wp\/v2\/media?parent=4589"}],"curies":[{"name":"wp","href":"https:\/\/api.w.org\/{rel}","templated":true}]}}